{"id":73,"date":"2025-04-03T16:18:57","date_gmt":"2025-04-03T14:18:57","guid":{"rendered":"https:\/\/www.coiffeur-lacoupe-sarlat.fr\/?page_id=73"},"modified":"2025-04-03T16:23:19","modified_gmt":"2025-04-03T14:23:19","slug":"mentions-legales","status":"publish","type":"page","link":"https:\/\/www.coiffeur-lacoupe-sarlat.fr\/index.php\/mentions-legales\/","title":{"rendered":"Mentions L\u00e9gales"},"content":{"rendered":"\n<h2 class=\"wp-block-heading\">Mentions L\u00e9gales<\/h2>\n\n\n\n<p>Le site \u00ab&nbsp;<a href=\"https:\/\/www.coiffeur-lacoupe-sarlat.fr\">www.coiffeur-lacoupe-sarlat.fr<\/a>&nbsp;\u00bb et ses sous-domaines sont la propri\u00e9t\u00e9 de Madame Laetitia BRAULT (propri\u00e9taire et patronne du Salon La Coupe), Soci\u00e9t\u00e9 immatricul\u00e9e au Registre du Commerce et des Soci\u00e9t\u00e9s sous le num\u00e9ro 981 408 198, dont le si\u00e8ge social est situ\u00e9 au :<\/p>\n\n\n\n<p>6 rue \u00c9mile Faur\u00e9 &#8211; 24200 SARLAT-LA-CANEDA &#8211; France<br>T\u00e9l : +33 5 53 28 58 90<\/p>\n\n\n\n<p>La soci\u00e9t\u00e9 qui a con\u00e7u le site \u00ab&nbsp;<a href=\"https:\/\/www.coiffeur-lacoupe-sarlat.fr\">www.coiffeur-lacoupe-sarlat.fr<\/a>&nbsp;\u00bb est :<br>ComBataillon<br>121 avenue Aristide Briand<br>24200 Sarlat-la-Can\u00e9da<br><a href=\"https:\/\/combataillon.fr\/\">combataillon.fr<\/a><\/p>\n\n\n\n<p>Ces sites sont h\u00e9berg\u00e9s par la soci\u00e9t\u00e9 :<br>OVH<br>2 rue Kellermann &#8211; 59100 Roubaix &#8211; France<br><a href=\"https:\/\/www.ovhcloud.com\/fr\/\">ovhcloud.com<\/a><\/p>\n\n\n\n<p>Le site \u00ab&nbsp;<a href=\"https:\/\/www.coiffandco.com\/\">www.coiffeur-lacoupe-sarlat.fr<\/a>&nbsp;\u00bb et ses sous-domaines sont r\u00e9gis par le droit fran\u00e7ais ; les visiteurs ayant acc\u00e8s au site de l\u2019\u00e9tranger, doivent s\u2019assurer du respect des lois localement applicables.<br>Les mentions l\u00e9gales pouvant \u00eatre modifi\u00e9es \u00e0 tout moment et sans pr\u00e9avis, nous vous engageons \u00e0 les consulter r\u00e9guli\u00e8rement.<\/p>\n\n\n\n<h2 class=\"wp-block-heading\">1.\u00a0\u00a0\u00a0\u00a0 Droits de propri\u00e9t\u00e9 intelectuelle<\/h2>\n\n\n\n<p>Le site, ses sous-domaines et chacun des \u00e9l\u00e9ments qui le composent (tels que marques, logos, photographies, images, illustrations, textes, clips vid\u00e9o\u2026) sont la propri\u00e9t\u00e9 exclusive de Salon La Coupe, seule habilit\u00e9e \u00e0 utiliser les droits de propri\u00e9t\u00e9 intellectuelle y aff\u00e9rents, celle-ci ne conc\u00e9dant aucune licence, ni aucun autre droit que celui de consulter le site.<\/p>\n\n\n\n<p>La reproduction de tous documents publi\u00e9s sur le site et ses sous-domaines est seulement autoris\u00e9e aux fins exclusives d\u2019information pour un usage strictement personnel et priv\u00e9. Toute reproduction ou repr\u00e9sentation, int\u00e9grale ou partielle, du site, ou de l\u2019un quelconque des \u00e9l\u00e9ments qui le compose, sur quelque support que ce soit, \u00e0 d\u2019autres fins, et notamment commerciales, est express\u00e9ment interdite.<\/p>\n\n\n\n<p>La cr\u00e9ation de liens hypertextes vers le site web \u00ab <a href=\"https:\/\/www.coiffeur-lacoupe-sarlat.fr\">www.coiffeur-lacoupe-sarlat.fr<\/a> \u00bb ou \u00e0 l\u2019un de ses sous-domaines ne peut \u00eatre faite qu\u2019avec l\u2019autorisation \u00e9crite et pr\u00e9alable de Madame Laetitia BRAULT. <\/p>\n\n\n\n<p>Toute utilisation non autoris\u00e9e constitue une contrefa\u00e7on sanctionn\u00e9e p\u00e9nalement.<\/p>\n\n\n\n<h2 class=\"wp-block-heading\">3.\u00a0 Exclusion de garantie et de responsabilit\u00e9<\/h2>\n\n\n\n<p>Madame Laetitia BRAULT ne saurait \u00eatre tenue pour responsable des dommages directs ou indirects qui pourraient r\u00e9sulter de l\u2019acc\u00e8s au site ou \u00e0 ses sous-domaines, ou de l\u2019utilisation du site et\/ou de ces informations, y compris l\u2019inaccessibilit\u00e9, les pertes de donn\u00e9es, d\u00e9t\u00e9riorations, destructions ou virus qui pourraient affecter l\u2019\u00e9quipement informatique de l\u2019utilisateur et\/ou de la pr\u00e9sence de virus sur son site.<\/p>\n\n\n\n<p>Bien que Madame Laetitia BRAULT s\u2019efforce de fournir un contenu fiable sur son site, elle ne garantit pas que son contenu soit exempt d\u2019inexactitudes ou d\u2019omissions et ne saurait \u00eatre tenue pour responsable des erreurs ou omissions, d\u2019une absence de disponibilit\u00e9 des informations. <\/p>\n\n\n\n<p>Madame Laetitia BRAULT se r\u00e9serve \u00e0 tout moment et sans pr\u00e9avis le droit d\u2019apporter des am\u00e9liorations et\/ou des modifications au contenu de son site. Il est pr\u00e9cis\u00e9 qu\u2019\u00e0 des fins de maintenance, de mise \u00e0 jour, et pour toute autre raison notamment d\u2019ordre technique, l\u2019acc\u00e8s au Site et \u00e0 ses sous-domaines pourra \u00eatre interrompu. Madame Laetitia BRAULT n\u2019est en aucun cas responsable de ces interruptions et des cons\u00e9quences qui peuvent en d\u00e9couler pour l\u2019Utilisateur.<\/p>\n\n\n\n<h2 class=\"wp-block-heading\">4.\u00a0\u00a0\u00a0\u00a0 Liens Hypertexte<\/h2>\n\n\n\n<p>Le site et ses sous-domaines peuvent inclure des liens vers d\u2019autres sites ou d\u2019autres sources Internet. Dans la mesure o\u00f9 &nbsp;Madame Laetitia BRAULT ne peut contr\u00f4ler ces sites et ces sources externes, Madame Laetitia BRAULT ne peut \u00eatre tenue pour responsable de la mise \u00e0 disposition de ces sites et sources externes, et d\u00e9cline ainsi toute responsabilit\u00e9 quant aux contenus, publicit\u00e9s, produits, services ou tout autre mat\u00e9riel disponible sur ou \u00e0 partir de ces sites ou sources externes. Ces liens sont propos\u00e9s&nbsp;aux utilisateurs du site en tant que service. La d\u00e9cision d\u2019activer les liens appartient exclusivement \u00e0 l\u2019Utilisateur.<\/p>\n\n\n\n<h2 class=\"wp-block-heading\">5.\u00a0\u00a0\u00a0\u00a0 Modification de la notice<\/h2>\n\n\n\n<p>Madame Laetitia BRAULT conserve la possibilit\u00e9 de modifier \u00e0 tout moment la pr\u00e9sente notice d\u2019utilisation du Site et de ses sous-domaines, notamment afin de respecter toute nouvelle r\u00e9glementation ou l\u00e9gislation ou afin d\u2019am\u00e9liorer la consultation du Site par l\u2019Utilisateur. Toute modification d\u2019utilisation du Site sera int\u00e9gr\u00e9e dans la pr\u00e9sente notice.<\/p>\n","protected":false},"excerpt":{"rendered":"<p>Mentions L\u00e9gales Le site \u00ab&nbsp;www.coiffeur-lacoupe-sarlat.fr&nbsp;\u00bb et ses sous-domaines sont la propri\u00e9t\u00e9 de Madame Laetitia BRAULT (propri\u00e9taire et patronne du Salon La Coupe), Soci\u00e9t\u00e9 immatricul\u00e9e au Registre du Commerce et des Soci\u00e9t\u00e9s sous le num\u00e9ro 981 408 198, dont le si\u00e8ge social est situ\u00e9 au : 6 rue \u00c9mile Faur\u00e9 &#8211; 24200 SARLAT-LA-CANEDA &#8211; FranceT\u00e9l : [&hellip;]<\/p>\n","protected":false},"author":2,"featured_media":0,"parent":0,"menu_order":0,"comment_status":"closed","ping_status":"closed","template":"","meta":{"footnotes":""},"class_list":["post-73","page","type-page","status-publish","hentry"],"yoast_head":"<!-- This site is optimized with the Yoast SEO plugin v24.8.1 - https:\/\/yoast.com\/wordpress\/plugins\/seo\/ -->\n<title>Mentions L\u00e9gales - Salon La Coupe<\/title>\n<meta name=\"robots\" content=\"index, follow, max-snippet:-1, max-image-preview:large, max-video-preview:-1\" \/>\n<link rel=\"canonical\" href=\"https:\/\/www.coiffeur-lacoupe-sarlat.fr\/index.php\/mentions-legales\/\" \/>\n<meta property=\"og:locale\" content=\"en_US\" \/>\n<meta property=\"og:type\" content=\"article\" \/>\n<meta property=\"og:title\" content=\"Mentions L\u00e9gales - Salon La Coupe\" \/>\n<meta property=\"og:description\" content=\"Mentions L\u00e9gales Le site \u00ab&nbsp;www.coiffeur-lacoupe-sarlat.fr&nbsp;\u00bb et ses sous-domaines sont la propri\u00e9t\u00e9 de Madame Laetitia BRAULT (propri\u00e9taire et patronne du Salon La Coupe), Soci\u00e9t\u00e9 immatricul\u00e9e au Registre du Commerce et des Soci\u00e9t\u00e9s sous le num\u00e9ro 981 408 198, dont le si\u00e8ge social est situ\u00e9 au : 6 rue \u00c9mile Faur\u00e9 &#8211; 24200 SARLAT-LA-CANEDA &#8211; FranceT\u00e9l : [&hellip;]\" \/>\n<meta property=\"og:url\" content=\"https:\/\/www.coiffeur-lacoupe-sarlat.fr\/index.php\/mentions-legales\/\" \/>\n<meta property=\"og:site_name\" content=\"Salon La Coupe\" \/>\n<meta property=\"article:modified_time\" content=\"2025-04-03T14:23:19+00:00\" \/>\n<meta name=\"twitter:card\" content=\"summary_large_image\" \/>\n<meta name=\"twitter:label1\" content=\"Est. reading time\" \/>\n\t<meta name=\"twitter:data1\" content=\"4 minutes\" \/>\n<script type=\"application\/ld+json\" class=\"yoast-schema-graph\">{\"@context\":\"https:\/\/schema.org\",\"@graph\":[{\"@type\":\"WebPage\",\"@id\":\"https:\/\/www.coiffeur-lacoupe-sarlat.fr\/index.php\/mentions-legales\/\",\"url\":\"https:\/\/www.coiffeur-lacoupe-sarlat.fr\/index.php\/mentions-legales\/\",\"name\":\"Mentions L\u00e9gales - Salon La Coupe\",\"isPartOf\":{\"@id\":\"https:\/\/www.coiffeur-lacoupe-sarlat.fr\/#website\"},\"datePublished\":\"2025-04-03T14:18:57+00:00\",\"dateModified\":\"2025-04-03T14:23:19+00:00\",\"breadcrumb\":{\"@id\":\"https:\/\/www.coiffeur-lacoupe-sarlat.fr\/index.php\/mentions-legales\/#breadcrumb\"},\"inLanguage\":\"en-US\",\"potentialAction\":[{\"@type\":\"ReadAction\",\"target\":[\"https:\/\/www.coiffeur-lacoupe-sarlat.fr\/index.php\/mentions-legales\/\"]}]},{\"@type\":\"BreadcrumbList\",\"@id\":\"https:\/\/www.coiffeur-lacoupe-sarlat.fr\/index.php\/mentions-legales\/#breadcrumb\",\"itemListElement\":[{\"@type\":\"ListItem\",\"position\":1,\"name\":\"Accueil\",\"item\":\"https:\/\/www.coiffeur-lacoupe-sarlat.fr\/\"},{\"@type\":\"ListItem\",\"position\":2,\"name\":\"Mentions L\u00e9gales\"}]},{\"@type\":\"WebSite\",\"@id\":\"https:\/\/www.coiffeur-lacoupe-sarlat.fr\/#website\",\"url\":\"https:\/\/www.coiffeur-lacoupe-sarlat.fr\/\",\"name\":\"Salon La Coupe\",\"description\":\"Salon de coiffure Masculin\",\"publisher\":{\"@id\":\"https:\/\/www.coiffeur-lacoupe-sarlat.fr\/#organization\"},\"potentialAction\":[{\"@type\":\"SearchAction\",\"target\":{\"@type\":\"EntryPoint\",\"urlTemplate\":\"https:\/\/www.coiffeur-lacoupe-sarlat.fr\/?s={search_term_string}\"},\"query-input\":{\"@type\":\"PropertyValueSpecification\",\"valueRequired\":true,\"valueName\":\"search_term_string\"}}],\"inLanguage\":\"en-US\"},{\"@type\":\"Organization\",\"@id\":\"https:\/\/www.coiffeur-lacoupe-sarlat.fr\/#organization\",\"name\":\"Salon La Coupe\",\"url\":\"https:\/\/www.coiffeur-lacoupe-sarlat.fr\/\",\"logo\":{\"@type\":\"ImageObject\",\"inLanguage\":\"en-US\",\"@id\":\"https:\/\/www.coiffeur-lacoupe-sarlat.fr\/#\/schema\/logo\/image\/\",\"url\":\"https:\/\/www.coiffeur-lacoupe-sarlat.fr\/wp-content\/uploads\/2025\/04\/logosalonlacoupeblanc.png\",\"contentUrl\":\"https:\/\/www.coiffeur-lacoupe-sarlat.fr\/wp-content\/uploads\/2025\/04\/logosalonlacoupeblanc.png\",\"width\":1200,\"height\":574,\"caption\":\"Salon La Coupe\"},\"image\":{\"@id\":\"https:\/\/www.coiffeur-lacoupe-sarlat.fr\/#\/schema\/logo\/image\/\"}}]}<\/script>\n<!-- \/ Yoast SEO plugin. -->","yoast_head_json":{"title":"Mentions L\u00e9gales - Salon La Coupe","robots":{"index":"index","follow":"follow","max-snippet":"max-snippet:-1","max-image-preview":"max-image-preview:large","max-video-preview":"max-video-preview:-1"},"canonical":"https:\/\/www.coiffeur-lacoupe-sarlat.fr\/index.php\/mentions-legales\/","og_locale":"en_US","og_type":"article","og_title":"Mentions L\u00e9gales - Salon La Coupe","og_description":"Mentions L\u00e9gales Le site \u00ab&nbsp;www.coiffeur-lacoupe-sarlat.fr&nbsp;\u00bb et ses sous-domaines sont la propri\u00e9t\u00e9 de Madame Laetitia BRAULT (propri\u00e9taire et patronne du Salon La Coupe), Soci\u00e9t\u00e9 immatricul\u00e9e au Registre du Commerce et des Soci\u00e9t\u00e9s sous le num\u00e9ro 981 408 198, dont le si\u00e8ge social est situ\u00e9 au : 6 rue \u00c9mile Faur\u00e9 &#8211; 24200 SARLAT-LA-CANEDA &#8211; FranceT\u00e9l : [&hellip;]","og_url":"https:\/\/www.coiffeur-lacoupe-sarlat.fr\/index.php\/mentions-legales\/","og_site_name":"Salon La Coupe","article_modified_time":"2025-04-03T14:23:19+00:00","twitter_card":"summary_large_image","twitter_misc":{"Est. reading time":"4 minutes"},"schema":{"@context":"https:\/\/schema.org","@graph":[{"@type":"WebPage","@id":"https:\/\/www.coiffeur-lacoupe-sarlat.fr\/index.php\/mentions-legales\/","url":"https:\/\/www.coiffeur-lacoupe-sarlat.fr\/index.php\/mentions-legales\/","name":"Mentions L\u00e9gales - Salon La Coupe","isPartOf":{"@id":"https:\/\/www.coiffeur-lacoupe-sarlat.fr\/#website"},"datePublished":"2025-04-03T14:18:57+00:00","dateModified":"2025-04-03T14:23:19+00:00","breadcrumb":{"@id":"https:\/\/www.coiffeur-lacoupe-sarlat.fr\/index.php\/mentions-legales\/#breadcrumb"},"inLanguage":"en-US","potentialAction":[{"@type":"ReadAction","target":["https:\/\/www.coiffeur-lacoupe-sarlat.fr\/index.php\/mentions-legales\/"]}]},{"@type":"BreadcrumbList","@id":"https:\/\/www.coiffeur-lacoupe-sarlat.fr\/index.php\/mentions-legales\/#breadcrumb","itemListElement":[{"@type":"ListItem","position":1,"name":"Accueil","item":"https:\/\/www.coiffeur-lacoupe-sarlat.fr\/"},{"@type":"ListItem","position":2,"name":"Mentions L\u00e9gales"}]},{"@type":"WebSite","@id":"https:\/\/www.coiffeur-lacoupe-sarlat.fr\/#website","url":"https:\/\/www.coiffeur-lacoupe-sarlat.fr\/","name":"Salon La Coupe","description":"Salon de coiffure Masculin","publisher":{"@id":"https:\/\/www.coiffeur-lacoupe-sarlat.fr\/#organization"},"potentialAction":[{"@type":"SearchAction","target":{"@type":"EntryPoint","urlTemplate":"https:\/\/www.coiffeur-lacoupe-sarlat.fr\/?s={search_term_string}"},"query-input":{"@type":"PropertyValueSpecification","valueRequired":true,"valueName":"search_term_string"}}],"inLanguage":"en-US"},{"@type":"Organization","@id":"https:\/\/www.coiffeur-lacoupe-sarlat.fr\/#organization","name":"Salon La Coupe","url":"https:\/\/www.coiffeur-lacoupe-sarlat.fr\/","logo":{"@type":"ImageObject","inLanguage":"en-US","@id":"https:\/\/www.coiffeur-lacoupe-sarlat.fr\/#\/schema\/logo\/image\/","url":"https:\/\/www.coiffeur-lacoupe-sarlat.fr\/wp-content\/uploads\/2025\/04\/logosalonlacoupeblanc.png","contentUrl":"https:\/\/www.coiffeur-lacoupe-sarlat.fr\/wp-content\/uploads\/2025\/04\/logosalonlacoupeblanc.png","width":1200,"height":574,"caption":"Salon La Coupe"},"image":{"@id":"https:\/\/www.coiffeur-lacoupe-sarlat.fr\/#\/schema\/logo\/image\/"}}]}},"_links":{"self":[{"href":"https:\/\/www.coiffeur-lacoupe-sarlat.fr\/index.php\/wp-json\/wp\/v2\/pages\/73","targetHints":{"allow":["GET"]}}],"collection":[{"href":"https:\/\/www.coiffeur-lacoupe-sarlat.fr\/index.php\/wp-json\/wp\/v2\/pages"}],"about":[{"href":"https:\/\/www.coiffeur-lacoupe-sarlat.fr\/index.php\/wp-json\/wp\/v2\/types\/page"}],"author":[{"embeddable":true,"href":"https:\/\/www.coiffeur-lacoupe-sarlat.fr\/index.php\/wp-json\/wp\/v2\/users\/2"}],"replies":[{"embeddable":true,"href":"https:\/\/www.coiffeur-lacoupe-sarlat.fr\/index.php\/wp-json\/wp\/v2\/comments?post=73"}],"version-history":[{"count":3,"href":"https:\/\/www.coiffeur-lacoupe-sarlat.fr\/index.php\/wp-json\/wp\/v2\/pages\/73\/revisions"}],"predecessor-version":[{"id":79,"href":"https:\/\/www.coiffeur-lacoupe-sarlat.fr\/index.php\/wp-json\/wp\/v2\/pages\/73\/revisions\/79"}],"wp:attachment":[{"href":"https:\/\/www.coiffeur-lacoupe-sarlat.fr\/index.php\/wp-json\/wp\/v2\/media?parent=73"}],"curies":[{"name":"wp","href":"https:\/\/api.w.org\/{rel}","templated":true}]}}