{"id":26,"date":"2025-04-03T14:36:54","date_gmt":"2025-04-03T12:36:54","guid":{"rendered":"https:\/\/www.coiffeur-lacoupe-sarlat.fr\/?page_id=26"},"modified":"2026-04-06T09:37:41","modified_gmt":"2026-04-06T07:37:41","slug":"accueil","status":"publish","type":"page","link":"https:\/\/www.coiffeur-lacoupe-sarlat.fr\/","title":{"rendered":"Accueil"},"content":{"rendered":"\n<div class=\"wp-block-group alignfull has-global-padding is-layout-constrained wp-block-group-is-layout-constrained has-background\" style=\"margin-top:0;margin-bottom:0;background-image:url(&apos;https:\/\/www.coiffeur-lacoupe-sarlat.fr\/wp-content\/uploads\/2025\/04\/fond.png&apos;);background-size:cover;\">\n<div class=\"wp-block-columns alignfull is-layout-flex wp-container-core-columns-is-layout-9c22b1e3 wp-block-columns-is-layout-flex\">\n<div class=\"wp-block-column is-layout-flow wp-block-column-is-layout-flow\" style=\"flex-basis:55%\">\n<div style=\"aspect-ratio:1;min-height:unset;\" class=\"wp-block-cover has-aspect-ratio\"><img loading=\"lazy\" decoding=\"async\" width=\"1500\" height=\"1000\" class=\"wp-block-cover__image-background wp-image-28\" alt=\"Mod\u00e8le masculin coiffure moderne\" src=\"https:\/\/www.coiffeur-lacoupe-sarlat.fr\/wp-content\/uploads\/2025\/04\/imagehommenoiretblanc.png\" style=\"object-position:61% 48%\" data-object-fit=\"cover\" data-object-position=\"61% 48%\" srcset=\"https:\/\/www.coiffeur-lacoupe-sarlat.fr\/wp-content\/uploads\/2025\/04\/imagehommenoiretblanc.png 1500w, https:\/\/www.coiffeur-lacoupe-sarlat.fr\/wp-content\/uploads\/2025\/04\/imagehommenoiretblanc-300x200.png 300w, https:\/\/www.coiffeur-lacoupe-sarlat.fr\/wp-content\/uploads\/2025\/04\/imagehommenoiretblanc-1024x683.png 1024w, https:\/\/www.coiffeur-lacoupe-sarlat.fr\/wp-content\/uploads\/2025\/04\/imagehommenoiretblanc-768x512.png 768w\" sizes=\"auto, (max-width: 1500px) 100vw, 1500px\" \/><span aria-hidden=\"true\" class=\"wp-block-cover__background has-background-dim-0 has-background-dim\" style=\"background-color:#464646\"><\/span><div class=\"wp-block-cover__inner-container is-layout-flow wp-block-cover-is-layout-flow\">\n<div style=\"height:var(--wp--preset--spacing--20)\" aria-hidden=\"true\" class=\"wp-block-spacer\"><\/div>\n<\/div><\/div>\n<\/div>\n\n\n\n<div class=\"wp-block-column is-vertically-aligned-center animated fadeIn delay-100ms slower is-layout-flow wp-block-column-is-layout-flow\" style=\"padding-top:var(--wp--preset--spacing--60);padding-right:var(--wp--preset--spacing--60);padding-bottom:var(--wp--preset--spacing--60);padding-left:var(--wp--preset--spacing--60)\">\n<h2 class=\"wp-block-heading has-xx-large-font-size\">Bienvenue au Salon La Coupe : La Destination Coiffure pour Hommes et Enfants<\/h2>\n\n\n\n<p>Bienvenue au Salon La Coupe, pour une exp\u00e9rience de coiffure masculine exceptionnelle. Situ\u00e9 au c\u0153ur de Sarlat, mon salon est d\u00e9di\u00e9 \u00e0 offrir des services de qualit\u00e9, adapt\u00e9s aux besoins et aux styles de chaque homme.<\/p>\n\n\n\n<p>Au Salon La Coupe, que vous recherchiez un look classique ou moderne, j&#8217;ai l&#8217;expertise pour r\u00e9aliser vos souhaits.<\/p>\n\n\n\n<p class=\"has-large-font-size\">Salon La Coupe &#8211; O\u00f9 l&#8217;\u00e9l\u00e9gance masculine prend forme.<\/p>\n\n\n\n<p class=\"has-text-align-right has-x-large-font-size\"><em>La\u00ebtitia<\/em> <\/p>\n<\/div>\n<\/div>\n<\/div>\n\n\n\n<div class=\"wp-block-group alignfull has-global-padding is-layout-constrained wp-container-core-group-is-layout-ebee8dc1 wp-block-group-is-layout-constrained\" style=\"margin-top:0;margin-bottom:0;padding-top:var(--wp--preset--spacing--50);padding-bottom:var(--wp--preset--spacing--50)\">\n<h2 class=\"wp-block-heading alignwide\">Mes services<\/h2>\n\n\n\n<div class=\"wp-block-columns alignwide is-layout-flex wp-container-core-columns-is-layout-28f84493 wp-block-columns-is-layout-flex\">\n<div class=\"wp-block-column is-layout-flow wp-block-column-is-layout-flow\">\n<figure class=\"wp-block-image size-full\" style=\"margin-bottom:24px\"><img loading=\"lazy\" decoding=\"async\" width=\"1000\" height=\"1333\" src=\"https:\/\/www.coiffeur-lacoupe-sarlat.fr\/wp-content\/uploads\/2025\/04\/salon1.png\" alt=\"Vue int\u00e9rieure Salon La Coupe\" class=\"wp-image-52\" style=\"aspect-ratio:4\/3;object-fit:cover\" srcset=\"https:\/\/www.coiffeur-lacoupe-sarlat.fr\/wp-content\/uploads\/2025\/04\/salon1.png 1000w, https:\/\/www.coiffeur-lacoupe-sarlat.fr\/wp-content\/uploads\/2025\/04\/salon1-225x300.png 225w, https:\/\/www.coiffeur-lacoupe-sarlat.fr\/wp-content\/uploads\/2025\/04\/salon1-768x1024.png 768w\" sizes=\"auto, (max-width: 1000px) 100vw, 1000px\" \/><\/figure>\n\n\n\n<h3 class=\"wp-block-heading\">Ambiance conviviale<\/h3>\n\n\n\n<p class=\"has-medium-font-size\">Au Salon La Coupe, profitez d&#8217;une atmosph\u00e8re chaleureuse et d\u00e9tendue o\u00f9 un caf\u00e9 vous sera offert pendant votre attente.<\/p>\n<\/div>\n\n\n\n<div class=\"wp-block-column is-layout-flow wp-block-column-is-layout-flow\">\n<figure class=\"wp-block-image size-full\" style=\"margin-bottom:24px\"><img loading=\"lazy\" decoding=\"async\" width=\"1000\" height=\"1000\" src=\"https:\/\/www.coiffeur-lacoupe-sarlat.fr\/wp-content\/uploads\/2025\/04\/photonoiretblanc2-1.png\" alt=\"Mod\u00e8le masculin coupe de cheveux\" class=\"wp-image-53\" style=\"aspect-ratio:4\/3;object-fit:cover\" srcset=\"https:\/\/www.coiffeur-lacoupe-sarlat.fr\/wp-content\/uploads\/2025\/04\/photonoiretblanc2-1.png 1000w, https:\/\/www.coiffeur-lacoupe-sarlat.fr\/wp-content\/uploads\/2025\/04\/photonoiretblanc2-1-300x300.png 300w, https:\/\/www.coiffeur-lacoupe-sarlat.fr\/wp-content\/uploads\/2025\/04\/photonoiretblanc2-1-150x150.png 150w, https:\/\/www.coiffeur-lacoupe-sarlat.fr\/wp-content\/uploads\/2025\/04\/photonoiretblanc2-1-768x768.png 768w\" sizes=\"auto, (max-width: 1000px) 100vw, 1000px\" \/><\/figure>\n\n\n\n<h3 class=\"wp-block-heading\">Professionnalisme<\/h3>\n\n\n\n<p class=\"has-medium-font-size\">Au Salon La Coupe, mon professionnalisme et mes 20 ans d&#8217;exp\u00e9rience sauront satisfaire vos attentes pour une coiffure impeccable et personnalis\u00e9e.<\/p>\n<\/div>\n\n\n\n<div class=\"wp-block-column is-layout-flow wp-block-column-is-layout-flow\">\n<figure class=\"wp-block-image size-full\" style=\"margin-bottom:24px\"><img loading=\"lazy\" decoding=\"async\" width=\"1000\" height=\"750\" src=\"https:\/\/www.coiffeur-lacoupe-sarlat.fr\/wp-content\/uploads\/2025\/04\/salon2.png\" alt=\"Vue de l'espace coiffure du Salon la Coupe\" class=\"wp-image-54\" style=\"aspect-ratio:4\/3;object-fit:cover\" srcset=\"https:\/\/www.coiffeur-lacoupe-sarlat.fr\/wp-content\/uploads\/2025\/04\/salon2.png 1000w, https:\/\/www.coiffeur-lacoupe-sarlat.fr\/wp-content\/uploads\/2025\/04\/salon2-300x225.png 300w, https:\/\/www.coiffeur-lacoupe-sarlat.fr\/wp-content\/uploads\/2025\/04\/salon2-768x576.png 768w\" sizes=\"auto, (max-width: 1000px) 100vw, 1000px\" \/><\/figure>\n\n\n\n<h3 class=\"wp-block-heading\">Un accueil sans rendez-vous !<\/h3>\n\n\n\n<p class=\"has-medium-font-size\">Au Salon La Coupe, je vous accueille sans rendez-vous, venez quand vous le souhaitez. Si votre arriv\u00e9e est proche des heures de fermeture, le Salon peut afficher complet selon l&#8217;affluence.<\/p>\n<\/div>\n\n\n\n<div class=\"wp-block-column is-layout-flow wp-block-column-is-layout-flow\">\n<figure class=\"wp-block-image size-full\" style=\"margin-bottom:24px\"><img loading=\"lazy\" decoding=\"async\" width=\"1500\" height=\"1125\" src=\"https:\/\/www.coiffeur-lacoupe-sarlat.fr\/wp-content\/uploads\/2025\/04\/salonNB.png\" alt=\"\" class=\"wp-image-88\" style=\"aspect-ratio:4\/3;object-fit:cover\" srcset=\"https:\/\/www.coiffeur-lacoupe-sarlat.fr\/wp-content\/uploads\/2025\/04\/salonNB.png 1500w, https:\/\/www.coiffeur-lacoupe-sarlat.fr\/wp-content\/uploads\/2025\/04\/salonNB-300x225.png 300w, https:\/\/www.coiffeur-lacoupe-sarlat.fr\/wp-content\/uploads\/2025\/04\/salonNB-1024x768.png 1024w, https:\/\/www.coiffeur-lacoupe-sarlat.fr\/wp-content\/uploads\/2025\/04\/salonNB-768x576.png 768w\" sizes=\"auto, (max-width: 1500px) 100vw, 1500px\" \/><\/figure>\n\n\n\n<h3 class=\"wp-block-heading\">En plein c\u0153ur de Sarlat<\/h3>\n\n\n\n<p class=\"has-medium-font-size\">Le Salon La Coupe vous accueille en plein c\u0153ur de Sarlat-la-Can\u00e9da. Proche de plusieurs parkings, il est id\u00e9alement situ\u00e9.<\/p>\n<\/div>\n<\/div>\n<\/div>\n\n\n\n<div class=\"wp-block-group alignfull has-background has-global-padding is-layout-constrained wp-block-group-is-layout-constrained\" style=\"background-color:#ffffffde;margin-top:0;margin-bottom:0;padding-top:var(--wp--preset--spacing--80);padding-bottom:var(--wp--preset--spacing--80);background-image:url(&apos;http:\/\/www.coiffeur-lacoupe-sarlat.fr\/wp-content\/uploads\/2025\/04\/AdobeStock_272277193-scaled.jpeg&apos;);background-size:cover;background-attachment:fixed;\">\n<div style=\"height:100px\" aria-hidden=\"true\" class=\"wp-block-spacer\"><\/div>\n\n\n\n<h2 class=\"wp-block-heading has-text-align-center has-accent-5-color has-text-color has-link-color wp-elements-c9a820bd02195aaff52f4952ac782ff7\">\u00c9v\u00e8nements :<\/h2>\n\n\n\n<p><\/p>\n\n\n\n<p class=\"has-text-align-center has-accent-5-color has-text-color has-background has-link-color wp-elements-72dbea647850ddf88da4438f34229199\" style=\"background-color:#ffffffb5\">Mai 2026 <\/p>\n\n\n\n<p><\/p>\n\n\n\n<p class=\"has-text-align-center has-accent-5-color has-text-color has-background has-link-color wp-elements-5093aa8029fdf271d0c66e91fedebea7\" style=\"background-color:#ffffffb5\">Le samedi 2 mai : Ferm\u00e9<\/p>\n\n\n\n<p><\/p>\n\n\n\n<p class=\"has-text-align-center has-accent-5-color has-text-color has-background has-link-color wp-elements-d6f09d273f483afd13f90d80f563eb85\" style=\"background-color:#ffffffb5\">Le samedi 23 mai : Ferm\u00e9<\/p>\n\n\n\n<p><\/p>\n\n\n\n<div style=\"height:100px\" aria-hidden=\"true\" class=\"wp-block-spacer\"><\/div>\n\n\n\n<div style=\"height:100px\" aria-hidden=\"true\" class=\"wp-block-spacer\"><\/div>\n<\/div>\n\n\n\n<div class=\"wp-block-group alignfull has-global-padding is-layout-constrained wp-block-group-is-layout-constrained\" style=\"margin-top:0;margin-bottom:0;padding-top:var(--wp--preset--spacing--60);padding-bottom:var(--wp--preset--spacing--60)\">\n<div class=\"wp-block-columns alignwide is-layout-flex wp-container-core-columns-is-layout-28f84493 wp-block-columns-is-layout-flex\">\n<div class=\"wp-block-column is-layout-flow wp-block-column-is-layout-flow\" style=\"padding-top:var(--wp--preset--spacing--80);padding-bottom:var(--wp--preset--spacing--80)\">\n<h2 class=\"wp-block-heading\">Salon Masculin Sans Rendez-vous !<\/h2>\n\n\n\n<p>HORAIRES :<\/p>\n\n\n\n<div class=\"wp-block-group is-style-default is-layout-grid wp-container-core-group-is-layout-478b6e6b wp-block-group-is-layout-grid\">\n<p>Mardi :<\/p>\n\n\n\n<p>9:00 &#8211; 18:30<\/p>\n<\/div>\n\n\n\n<div class=\"wp-block-group is-style-default is-layout-grid wp-container-core-group-is-layout-478b6e6b wp-block-group-is-layout-grid\">\n<p>Mercredi :<\/p>\n\n\n\n<p>7:00 &#8211; 12:30<\/p>\n<\/div>\n\n\n\n<div class=\"wp-block-group is-style-default is-layout-grid wp-container-core-group-is-layout-478b6e6b wp-block-group-is-layout-grid\">\n<p>Jeudi :<\/p>\n\n\n\n<p>9:00 &#8211; 18:00<\/p>\n<\/div>\n\n\n\n<div class=\"wp-block-group is-style-default is-layout-grid wp-container-core-group-is-layout-478b6e6b wp-block-group-is-layout-grid\">\n<p>Vendredi :<\/p>\n\n\n\n<p>9:00 &#8211; 18:30<\/p>\n<\/div>\n\n\n\n<div class=\"wp-block-group is-style-default is-layout-grid wp-container-core-group-is-layout-478b6e6b wp-block-group-is-layout-grid\">\n<p>Samedi :<\/p>\n\n\n\n<p>7:00 &#8211; 12:30<\/p>\n<\/div>\n\n\n\n<p class=\"is-style-text-subtitle is-style-text-subtitle--1\">Contactez moi au :<\/p>\n\n\n\n<p class=\"is-style-text-subtitle is-style-text-subtitle--2\"> 6 rue Emile Faure 24200 Sarlat la Can\u00e9da<\/p>\n\n\n\n<div class=\"wp-block-columns is-style-default is-layout-flex wp-container-core-columns-is-layout-28f84493 wp-block-columns-is-layout-flex\">\n<div class=\"wp-block-column is-layout-flow wp-block-column-is-layout-flow\">\n<div class=\"wp-block-group is-nowrap is-layout-flex wp-container-core-group-is-layout-6c531013 wp-block-group-is-layout-flex\"><p class='wp-call-button-block-button'><a class='wp-call-button-in-btn' href='tel:+33686354424' style='background-color:#330616' ><svg x=\"0px\" y=\"0px\" width=\"459px\" height=\"459px\" viewBox=\"0 0 459 459\">\r\n\t\t\t\t<path\r\n\t\t\t\t\td=\"M91.8,198.9c35.7,71.4,96.9,130.05,168.3,168.3L316.2,311.1c7.649-7.649,17.85-10.199,25.5-5.1c28.05,10.2,58.649,15.3,91.8,15.3c15.3,0,25.5,10.2,25.5,25.5v86.7c0,15.3-10.2,25.5-25.5,25.5C193.8,459,0,265.2,0,25.5C0,10.2,10.2,0,25.5,0h89.25c15.3,0,25.5,10.2,25.5,25.5c0,30.6,5.1,61.2,15.3,91.8c2.55,7.65,0,17.85-5.1,25.5L91.8,198.9z\"\r\n\t\t\t\t\/>\r\n\t\t\t<\/svg> 06 86 35 44 24<\/a><\/p><\/div>\n<\/div>\n\n\n\n<div class=\"wp-block-column is-layout-flow wp-block-column-is-layout-flow\" style=\"padding-right:0;padding-left:0\">\n<p class=\"has-accent-2-color has-text-color has-link-color wp-elements-1e1f79395a33eb28b20f09a62f2ebdc8\"><a href=\"https:\/\/www.facebook.com\/p\/Salon-de-coiffure-homme-La-Coupe-100053119166381\/?locale=fr_FR\"><i class=\"fa-brands fa-facebook\"><\/i> Salon de coiffure homme &#8220;La Coupe&#8221;<\/a><\/p>\n<\/div>\n\n\n\n<div class=\"wp-block-column is-layout-flow wp-block-column-is-layout-flow\"><\/div>\n<\/div>\n<\/div>\n\n\n\n<div class=\"wp-block-column is-layout-flow wp-block-column-is-layout-flow\">\n<div class=\"wp-block-gmap-gmap-block gmap-block-3scjxvjx\"><iframe src=\"https:\/\/maps.google.com\/maps?q=6+rue+Emile+Faure+24200+SARLAT+LA+CANEDA&amp;z=16&amp;t=roadmap&amp;output=embed\" class=\"embd-map\" title=\"6 rue Emile Faure 24200 SARLAT LA CANEDA\"><\/iframe><\/div>\n<\/div>\n<\/div>\n<\/div>\n\n\n\n<div class=\"wp-block-group alignfull has-global-padding is-layout-constrained wp-block-group-is-layout-constrained has-background\" style=\"margin-top:0;margin-bottom:0;padding-top:var(--wp--preset--spacing--80);padding-bottom:var(--wp--preset--spacing--80);background-image:url(&apos;https:\/\/www.coiffeur-lacoupe-sarlat.fr\/wp-content\/uploads\/2025\/04\/salonext.png&apos;);background-size:cover;background-attachment:fixed;\">\n<div style=\"height:100px\" aria-hidden=\"true\" class=\"wp-block-spacer\"><\/div>\n\n\n\n<div style=\"height:100px\" aria-hidden=\"true\" class=\"wp-block-spacer\"><\/div>\n\n\n\n<div style=\"height:100px\" aria-hidden=\"true\" class=\"wp-block-spacer\"><\/div>\n<\/div>\n","protected":false},"excerpt":{"rendered":"<p>Bienvenue au Salon La Coupe : La Destination Coiffure pour Hommes et Enfants Bienvenue au Salon La Coupe, pour une exp\u00e9rience de coiffure masculine exceptionnelle. Situ\u00e9 au c\u0153ur de Sarlat, mon salon est d\u00e9di\u00e9 \u00e0 offrir des services de qualit\u00e9, adapt\u00e9s aux besoins et aux styles de chaque homme. Au Salon La Coupe, que vous [&hellip;]<\/p>\n","protected":false},"author":2,"featured_media":0,"parent":0,"menu_order":0,"comment_status":"closed","ping_status":"closed","template":"","meta":{"footnotes":""},"class_list":["post-26","page","type-page","status-publish","hentry"],"yoast_head":"<!-- This site is optimized with the Yoast SEO plugin v24.8.1 - https:\/\/yoast.com\/wordpress\/plugins\/seo\/ -->\n<title>Accueil - Salon La Coupe<\/title>\n<meta name=\"description\" content=\"Bienvenue au Salon La Coupe, votre destination ultime pour une exp\u00e9rience de coiffure masculine exceptionnelle. Situ\u00e9 au c\u0153ur de Sarlat, notre salon est d\u00e9di\u00e9 \u00e0 offrir des services de haute qualit\u00e9, adapt\u00e9s aux besoins et aux styles de chaque homme.\" \/>\n<meta name=\"robots\" content=\"index, follow, max-snippet:-1, max-image-preview:large, max-video-preview:-1\" \/>\n<link rel=\"canonical\" href=\"https:\/\/www.coiffeur-lacoupe-sarlat.fr\/\" \/>\n<meta property=\"og:locale\" content=\"en_US\" \/>\n<meta property=\"og:type\" content=\"article\" \/>\n<meta property=\"og:title\" content=\"Accueil - Salon La Coupe\" \/>\n<meta property=\"og:description\" content=\"Bienvenue au Salon La Coupe, votre destination ultime pour une exp\u00e9rience de coiffure masculine exceptionnelle. Situ\u00e9 au c\u0153ur de Sarlat, notre salon est d\u00e9di\u00e9 \u00e0 offrir des services de haute qualit\u00e9, adapt\u00e9s aux besoins et aux styles de chaque homme.\" \/>\n<meta property=\"og:url\" content=\"https:\/\/www.coiffeur-lacoupe-sarlat.fr\/\" \/>\n<meta property=\"og:site_name\" content=\"Salon La Coupe\" \/>\n<meta property=\"article:modified_time\" content=\"2026-04-06T07:37:41+00:00\" \/>\n<meta property=\"og:image\" content=\"https:\/\/www.coiffeur-lacoupe-sarlat.fr\/wp-content\/uploads\/2025\/04\/imagehommenoiretblanc.png\" \/>\n\t<meta property=\"og:image:width\" content=\"1500\" \/>\n\t<meta property=\"og:image:height\" content=\"1000\" \/>\n\t<meta property=\"og:image:type\" content=\"image\/png\" \/>\n<meta name=\"twitter:card\" content=\"summary_large_image\" \/>\n<meta name=\"twitter:label1\" content=\"Est. reading time\" \/>\n\t<meta name=\"twitter:data1\" content=\"2 minutes\" \/>\n<script type=\"application\/ld+json\" class=\"yoast-schema-graph\">{\"@context\":\"https:\/\/schema.org\",\"@graph\":[{\"@type\":\"WebPage\",\"@id\":\"https:\/\/www.coiffeur-lacoupe-sarlat.fr\/\",\"url\":\"https:\/\/www.coiffeur-lacoupe-sarlat.fr\/\",\"name\":\"Accueil - Salon La Coupe\",\"isPartOf\":{\"@id\":\"https:\/\/www.coiffeur-lacoupe-sarlat.fr\/#website\"},\"primaryImageOfPage\":{\"@id\":\"https:\/\/www.coiffeur-lacoupe-sarlat.fr\/#primaryimage\"},\"image\":{\"@id\":\"https:\/\/www.coiffeur-lacoupe-sarlat.fr\/#primaryimage\"},\"thumbnailUrl\":\"https:\/\/www.coiffeur-lacoupe-sarlat.fr\/wp-content\/uploads\/2025\/04\/imagehommenoiretblanc.png\",\"datePublished\":\"2025-04-03T12:36:54+00:00\",\"dateModified\":\"2026-04-06T07:37:41+00:00\",\"description\":\"Bienvenue au Salon La Coupe, votre destination ultime pour une exp\u00e9rience de coiffure masculine exceptionnelle. Situ\u00e9 au c\u0153ur de Sarlat, notre salon est d\u00e9di\u00e9 \u00e0 offrir des services de haute qualit\u00e9, adapt\u00e9s aux besoins et aux styles de chaque homme.\",\"breadcrumb\":{\"@id\":\"https:\/\/www.coiffeur-lacoupe-sarlat.fr\/#breadcrumb\"},\"inLanguage\":\"en-US\",\"potentialAction\":[{\"@type\":\"ReadAction\",\"target\":[\"https:\/\/www.coiffeur-lacoupe-sarlat.fr\/\"]}]},{\"@type\":\"ImageObject\",\"inLanguage\":\"en-US\",\"@id\":\"https:\/\/www.coiffeur-lacoupe-sarlat.fr\/#primaryimage\",\"url\":\"https:\/\/www.coiffeur-lacoupe-sarlat.fr\/wp-content\/uploads\/2025\/04\/imagehommenoiretblanc.png\",\"contentUrl\":\"https:\/\/www.coiffeur-lacoupe-sarlat.fr\/wp-content\/uploads\/2025\/04\/imagehommenoiretblanc.png\",\"width\":1500,\"height\":1000},{\"@type\":\"BreadcrumbList\",\"@id\":\"https:\/\/www.coiffeur-lacoupe-sarlat.fr\/#breadcrumb\",\"itemListElement\":[{\"@type\":\"ListItem\",\"position\":1,\"name\":\"Accueil\",\"item\":\"https:\/\/www.coiffeur-lacoupe-sarlat.fr\/\"},{\"@type\":\"ListItem\",\"position\":2,\"name\":\"Accueil\"}]},{\"@type\":\"WebSite\",\"@id\":\"https:\/\/www.coiffeur-lacoupe-sarlat.fr\/#website\",\"url\":\"https:\/\/www.coiffeur-lacoupe-sarlat.fr\/\",\"name\":\"Salon La Coupe\",\"description\":\"Salon de coiffure Masculin\",\"publisher\":{\"@id\":\"https:\/\/www.coiffeur-lacoupe-sarlat.fr\/#organization\"},\"potentialAction\":[{\"@type\":\"SearchAction\",\"target\":{\"@type\":\"EntryPoint\",\"urlTemplate\":\"https:\/\/www.coiffeur-lacoupe-sarlat.fr\/?s={search_term_string}\"},\"query-input\":{\"@type\":\"PropertyValueSpecification\",\"valueRequired\":true,\"valueName\":\"search_term_string\"}}],\"inLanguage\":\"en-US\"},{\"@type\":\"Organization\",\"@id\":\"https:\/\/www.coiffeur-lacoupe-sarlat.fr\/#organization\",\"name\":\"Salon La Coupe\",\"url\":\"https:\/\/www.coiffeur-lacoupe-sarlat.fr\/\",\"logo\":{\"@type\":\"ImageObject\",\"inLanguage\":\"en-US\",\"@id\":\"https:\/\/www.coiffeur-lacoupe-sarlat.fr\/#\/schema\/logo\/image\/\",\"url\":\"https:\/\/www.coiffeur-lacoupe-sarlat.fr\/wp-content\/uploads\/2025\/04\/logosalonlacoupeblanc.png\",\"contentUrl\":\"https:\/\/www.coiffeur-lacoupe-sarlat.fr\/wp-content\/uploads\/2025\/04\/logosalonlacoupeblanc.png\",\"width\":1200,\"height\":574,\"caption\":\"Salon La Coupe\"},\"image\":{\"@id\":\"https:\/\/www.coiffeur-lacoupe-sarlat.fr\/#\/schema\/logo\/image\/\"}}]}<\/script>\n<!-- \/ Yoast SEO plugin. -->","yoast_head_json":{"title":"Accueil - Salon La Coupe","description":"Bienvenue au Salon La Coupe, votre destination ultime pour une exp\u00e9rience de coiffure masculine exceptionnelle. Situ\u00e9 au c\u0153ur de Sarlat, notre salon est d\u00e9di\u00e9 \u00e0 offrir des services de haute qualit\u00e9, adapt\u00e9s aux besoins et aux styles de chaque homme.","robots":{"index":"index","follow":"follow","max-snippet":"max-snippet:-1","max-image-preview":"max-image-preview:large","max-video-preview":"max-video-preview:-1"},"canonical":"https:\/\/www.coiffeur-lacoupe-sarlat.fr\/","og_locale":"en_US","og_type":"article","og_title":"Accueil - Salon La Coupe","og_description":"Bienvenue au Salon La Coupe, votre destination ultime pour une exp\u00e9rience de coiffure masculine exceptionnelle. Situ\u00e9 au c\u0153ur de Sarlat, notre salon est d\u00e9di\u00e9 \u00e0 offrir des services de haute qualit\u00e9, adapt\u00e9s aux besoins et aux styles de chaque homme.","og_url":"https:\/\/www.coiffeur-lacoupe-sarlat.fr\/","og_site_name":"Salon La Coupe","article_modified_time":"2026-04-06T07:37:41+00:00","og_image":[{"width":1500,"height":1000,"url":"https:\/\/www.coiffeur-lacoupe-sarlat.fr\/wp-content\/uploads\/2025\/04\/imagehommenoiretblanc.png","type":"image\/png"}],"twitter_card":"summary_large_image","twitter_misc":{"Est. reading time":"2 minutes"},"schema":{"@context":"https:\/\/schema.org","@graph":[{"@type":"WebPage","@id":"https:\/\/www.coiffeur-lacoupe-sarlat.fr\/","url":"https:\/\/www.coiffeur-lacoupe-sarlat.fr\/","name":"Accueil - Salon La Coupe","isPartOf":{"@id":"https:\/\/www.coiffeur-lacoupe-sarlat.fr\/#website"},"primaryImageOfPage":{"@id":"https:\/\/www.coiffeur-lacoupe-sarlat.fr\/#primaryimage"},"image":{"@id":"https:\/\/www.coiffeur-lacoupe-sarlat.fr\/#primaryimage"},"thumbnailUrl":"https:\/\/www.coiffeur-lacoupe-sarlat.fr\/wp-content\/uploads\/2025\/04\/imagehommenoiretblanc.png","datePublished":"2025-04-03T12:36:54+00:00","dateModified":"2026-04-06T07:37:41+00:00","description":"Bienvenue au Salon La Coupe, votre destination ultime pour une exp\u00e9rience de coiffure masculine exceptionnelle. Situ\u00e9 au c\u0153ur de Sarlat, notre salon est d\u00e9di\u00e9 \u00e0 offrir des services de haute qualit\u00e9, adapt\u00e9s aux besoins et aux styles de chaque homme.","breadcrumb":{"@id":"https:\/\/www.coiffeur-lacoupe-sarlat.fr\/#breadcrumb"},"inLanguage":"en-US","potentialAction":[{"@type":"ReadAction","target":["https:\/\/www.coiffeur-lacoupe-sarlat.fr\/"]}]},{"@type":"ImageObject","inLanguage":"en-US","@id":"https:\/\/www.coiffeur-lacoupe-sarlat.fr\/#primaryimage","url":"https:\/\/www.coiffeur-lacoupe-sarlat.fr\/wp-content\/uploads\/2025\/04\/imagehommenoiretblanc.png","contentUrl":"https:\/\/www.coiffeur-lacoupe-sarlat.fr\/wp-content\/uploads\/2025\/04\/imagehommenoiretblanc.png","width":1500,"height":1000},{"@type":"BreadcrumbList","@id":"https:\/\/www.coiffeur-lacoupe-sarlat.fr\/#breadcrumb","itemListElement":[{"@type":"ListItem","position":1,"name":"Accueil","item":"https:\/\/www.coiffeur-lacoupe-sarlat.fr\/"},{"@type":"ListItem","position":2,"name":"Accueil"}]},{"@type":"WebSite","@id":"https:\/\/www.coiffeur-lacoupe-sarlat.fr\/#website","url":"https:\/\/www.coiffeur-lacoupe-sarlat.fr\/","name":"Salon La Coupe","description":"Salon de coiffure Masculin","publisher":{"@id":"https:\/\/www.coiffeur-lacoupe-sarlat.fr\/#organization"},"potentialAction":[{"@type":"SearchAction","target":{"@type":"EntryPoint","urlTemplate":"https:\/\/www.coiffeur-lacoupe-sarlat.fr\/?s={search_term_string}"},"query-input":{"@type":"PropertyValueSpecification","valueRequired":true,"valueName":"search_term_string"}}],"inLanguage":"en-US"},{"@type":"Organization","@id":"https:\/\/www.coiffeur-lacoupe-sarlat.fr\/#organization","name":"Salon La Coupe","url":"https:\/\/www.coiffeur-lacoupe-sarlat.fr\/","logo":{"@type":"ImageObject","inLanguage":"en-US","@id":"https:\/\/www.coiffeur-lacoupe-sarlat.fr\/#\/schema\/logo\/image\/","url":"https:\/\/www.coiffeur-lacoupe-sarlat.fr\/wp-content\/uploads\/2025\/04\/logosalonlacoupeblanc.png","contentUrl":"https:\/\/www.coiffeur-lacoupe-sarlat.fr\/wp-content\/uploads\/2025\/04\/logosalonlacoupeblanc.png","width":1200,"height":574,"caption":"Salon La Coupe"},"image":{"@id":"https:\/\/www.coiffeur-lacoupe-sarlat.fr\/#\/schema\/logo\/image\/"}}]}},"_links":{"self":[{"href":"https:\/\/www.coiffeur-lacoupe-sarlat.fr\/index.php\/wp-json\/wp\/v2\/pages\/26","targetHints":{"allow":["GET"]}}],"collection":[{"href":"https:\/\/www.coiffeur-lacoupe-sarlat.fr\/index.php\/wp-json\/wp\/v2\/pages"}],"about":[{"href":"https:\/\/www.coiffeur-lacoupe-sarlat.fr\/index.php\/wp-json\/wp\/v2\/types\/page"}],"author":[{"embeddable":true,"href":"https:\/\/www.coiffeur-lacoupe-sarlat.fr\/index.php\/wp-json\/wp\/v2\/users\/2"}],"replies":[{"embeddable":true,"href":"https:\/\/www.coiffeur-lacoupe-sarlat.fr\/index.php\/wp-json\/wp\/v2\/comments?post=26"}],"version-history":[{"count":52,"href":"https:\/\/www.coiffeur-lacoupe-sarlat.fr\/index.php\/wp-json\/wp\/v2\/pages\/26\/revisions"}],"predecessor-version":[{"id":160,"href":"https:\/\/www.coiffeur-lacoupe-sarlat.fr\/index.php\/wp-json\/wp\/v2\/pages\/26\/revisions\/160"}],"wp:attachment":[{"href":"https:\/\/www.coiffeur-lacoupe-sarlat.fr\/index.php\/wp-json\/wp\/v2\/media?parent=26"}],"curies":[{"name":"wp","href":"https:\/\/api.w.org\/{rel}","templated":true}]}}